{"id":107,"date":"2018-06-20T05:57:38","date_gmt":"2018-06-20T03:57:38","guid":{"rendered":"https:\/\/ojfmecanica.com\/home\/"},"modified":"2025-03-24T10:15:23","modified_gmt":"2025-03-24T09:15:23","slug":"home","status":"publish","type":"page","link":"https:\/\/mahrmecanica.com\/ca\/","title":{"rendered":"Home"},"content":{"rendered":"<div data-elementor-type=\"wp-page\" data-elementor-id=\"107\" class=\"elementor elementor-107\">\n\t\t\t\t<div class=\"aux-parallax-section elementor-element elementor-element-bffb0d4 aux-text-align-center e-con-full aux-appear-watch-animation aux-mask-from-top e-flex e-con e-parent\" data-id=\"bffb0d4\" data-element_type=\"container\" data-settings=\"{&quot;background_background&quot;:&quot;classic&quot;}\">\n\t\t<div class=\"elementor-element elementor-element-bffcb51 e-con-full e-flex e-con e-child\" data-id=\"bffcb51\" data-element_type=\"container\">\n\t\t\t\t<div class=\"elementor-element elementor-element-954db12 aux-appear-watch-animation aux-scale-up-1 elementor-widget elementor-widget-aux_modern_heading\" data-id=\"954db12\" data-element_type=\"widget\" data-widget_type=\"aux_modern_heading.default\">\n\t\t\t\t<div class=\"elementor-widget-container\">\n\t\t\t\t\t<section class=\"aux-widget-modern-heading\">\n            <div class=\"aux-widget-inner\"><h1 class=\"aux-modern-heading-primary\">MIGUEL ANGEL HERRANZ RODRIGUEZ<\/h1><h3 class=\"aux-modern-heading-secondary\"><span class=\"aux-head-highlight\">Especialista en cerrajer\u00eda y estructuras met\u00e1licas<\/span><\/h3><div class=\"aux-modern-heading-divider\"><\/div><\/div>\n        <\/section>\t\t\t\t<\/div>\n\t\t\t\t<\/div>\n\t\t\t\t<\/div>\n\t\t\t\t<\/div>\n\t\t<div class=\"aux-parallax-section elementor-element elementor-element-b0235bd e-con-full e-flex e-con e-parent\" data-id=\"b0235bd\" data-element_type=\"container\">\n\t\t<div class=\"elementor-element elementor-element-28cc5ee e-flex e-con-boxed e-con e-child\" data-id=\"28cc5ee\" data-element_type=\"container\">\n\t\t\t\t\t<div class=\"e-con-inner\">\n\t\t\t\t<div class=\"elementor-element elementor-element-2c86396 aux-appear-watch-animation aux-fade-in-up elementor-widget elementor-widget-aux_modern_heading\" data-id=\"2c86396\" data-element_type=\"widget\" data-widget_type=\"aux_modern_heading.default\">\n\t\t\t\t<div class=\"elementor-widget-container\">\n\t\t\t\t\t<section class=\"aux-widget-modern-heading\">\n            <div class=\"aux-widget-inner\"><h1 class=\"aux-modern-heading-primary\">MAHR<\/h1><h3 class=\"aux-modern-heading-secondary\"><span class=\"aux-head-highlight\">Descubre nuestros servicios<\/span><\/h3><div class=\"aux-modern-heading-divider\"><\/div><\/div>\n        <\/section>\t\t\t\t<\/div>\n\t\t\t\t<\/div>\n\t\t<div class=\"elementor-element elementor-element-a0350f4 e-con-full e-flex e-con e-child\" data-id=\"a0350f4\" data-element_type=\"container\">\n\t\t<div class=\"elementor-element elementor-element-03eb9f1 e-con-full e-flex e-con e-child\" data-id=\"03eb9f1\" data-element_type=\"container\">\n\t\t\t\t<div class=\"elementor-element elementor-element-617fd98 aux-appear-watch-animation aux-fade-in-right-1 elementor-widget elementor-widget-aux_text\" data-id=\"617fd98\" data-element_type=\"widget\" data-widget_type=\"aux_text.default\">\n\t\t\t\t<div class=\"elementor-widget-container\">\n\t\t\t\t\t<section class=\"widget-container aux-widget-text aux-parent-au6a57878d\">        <div class=\"aux-widget-advanced-text aux-wrap-style-simple aux-ico-pos-top aux-text-center aux-text-resp- aux-text-color-dark aux-text-widget-bg-center\" >\n        \n                            <div class=\"aux-text-widget-header\"  >\n                        <div class=\"aux-ico-box aux-ico-large aux-ico-shape-circle aux-ico-clear\">\n                                                                <span class=\"aux-ico auxicon-dashboard-1\" > <\/span>\n                                                            <\/div>\n                <\/div>\n            \n            <div class=\"aux-text-inner aux-text-widget-content\">\n                                <h4 class=\"col-title\">Fabricaci\u00f3n e Instalaci\u00f3n de Puertas Met\u00e1licas<\/h4>\n                                <div class=\"widget-content\">\n                                        <p data-pm-slice=\"1 1 [&quot;list&quot;,{&quot;spread&quot;:false,&quot;start&quot;:1155,&quot;end&quot;:1909},&quot;regular_list_item&quot;,{&quot;start&quot;:1308,&quot;end&quot;:1425}]\">Puertas de seguridad, cortafuegos, enrollables y automatizadas.<\/p>                <\/div>\n                            <\/div>\n        <\/div>\n                    <div class=\"aux-text-widget-footer\">\n                <div class=\"aux-border-shape-none\">\n                                <\/div>\n            <\/div>\n        \n<\/section><!-- widget-container -->\t\t\t\t<\/div>\n\t\t\t\t<\/div>\n\t\t\t\t<\/div>\n\t\t<div class=\"elementor-element elementor-element-952bc9e e-con-full e-flex e-con e-child\" data-id=\"952bc9e\" data-element_type=\"container\">\n\t\t\t\t<div class=\"elementor-element elementor-element-fd6cac1 aux-appear-watch-animation aux-fade-in-right-1 elementor-widget elementor-widget-aux_text\" data-id=\"fd6cac1\" data-element_type=\"widget\" data-widget_type=\"aux_text.default\">\n\t\t\t\t<div class=\"elementor-widget-container\">\n\t\t\t\t\t<section class=\"widget-container aux-widget-text aux-parent-aud7784d0e\">        <div class=\"aux-widget-advanced-text aux-wrap-style-simple aux-ico-pos-top aux-text-center aux-text-resp- aux-text-color-dark aux-text-widget-bg-center\" >\n        \n                            <div class=\"aux-text-widget-header\"  >\n                        <div class=\"aux-ico-box aux-ico-large aux-ico-shape-circle aux-ico-clear\">\n                                                                <span class=\"aux-ico auxicon-diamond\" > <\/span>\n                                                            <\/div>\n                <\/div>\n            \n            <div class=\"aux-text-inner aux-text-widget-content\">\n                                <h4 class=\"col-title\">Rejas y Barandillas<\/h4>\n                                <div class=\"widget-content\">\n                                        <p data-pm-slice=\"1 1 [&quot;list&quot;,{&quot;spread&quot;:false,&quot;start&quot;:1155,&quot;end&quot;:1909},&quot;regular_list_item&quot;,{&quot;start&quot;:1426,&quot;end&quot;:1562}]\">Dise\u00f1o y montaje de rejas para ventanas, puertas y balcones, as\u00ed como barandillas decorativas y de seguridad.<\/p>                <\/div>\n                            <\/div>\n        <\/div>\n                    <div class=\"aux-text-widget-footer\">\n                <div class=\"aux-border-shape-none\">\n                                <\/div>\n            <\/div>\n        \n<\/section><!-- widget-container -->\t\t\t\t<\/div>\n\t\t\t\t<\/div>\n\t\t\t\t<\/div>\n\t\t<div class=\"elementor-element elementor-element-4ed6444 e-con-full e-flex e-con e-child\" data-id=\"4ed6444\" data-element_type=\"container\">\n\t\t\t\t<div class=\"elementor-element elementor-element-e59e0ea aux-appear-watch-animation aux-fade-in-right-1 elementor-widget elementor-widget-aux_text\" data-id=\"e59e0ea\" data-element_type=\"widget\" data-widget_type=\"aux_text.default\">\n\t\t\t\t<div class=\"elementor-widget-container\">\n\t\t\t\t\t<section class=\"widget-container aux-widget-text aux-parent-aud251fccf\">        <div class=\"aux-widget-advanced-text aux-wrap-style-simple aux-ico-pos-top aux-text-center aux-text-resp- aux-text-color-dark aux-text-widget-bg-center\" >\n        \n                            <div class=\"aux-text-widget-header\"  >\n                        <div class=\"aux-ico-box aux-ico-large aux-ico-shape-circle aux-ico-clear\">\n                                                                <span class=\"aux-ico auxicon-cloud-7\" > <\/span>\n                                                            <\/div>\n                <\/div>\n            \n            <div class=\"aux-text-inner aux-text-widget-content\">\n                                <h4 class=\"col-title\">Estructuras Met\u00e1licas<\/h4>\n                                <div class=\"widget-content\">\n                                        <p data-pm-slice=\"1 1 [&quot;list&quot;,{&quot;spread&quot;:false,&quot;start&quot;:1155,&quot;end&quot;:1909},&quot;regular_list_item&quot;,{&quot;start&quot;:1563,&quot;end&quot;:1689}]\">Construcci\u00f3n de estructuras para naves industriales, p\u00e9rgolas, escaleras met\u00e1licas y marquesinas.<\/p>                <\/div>\n                            <\/div>\n        <\/div>\n                    <div class=\"aux-text-widget-footer\">\n                <div class=\"aux-border-shape-none\">\n                                <\/div>\n            <\/div>\n        \n<\/section><!-- widget-container -->\t\t\t\t<\/div>\n\t\t\t\t<\/div>\n\t\t\t\t<\/div>\n\t\t<div class=\"elementor-element elementor-element-37746b3 e-con-full e-flex e-con e-child\" data-id=\"37746b3\" data-element_type=\"container\">\n\t\t\t\t<div class=\"elementor-element elementor-element-3681b1c aux-appear-watch-animation aux-fade-in-right-1 elementor-widget elementor-widget-aux_text\" data-id=\"3681b1c\" data-element_type=\"widget\" data-widget_type=\"aux_text.default\">\n\t\t\t\t<div class=\"elementor-widget-container\">\n\t\t\t\t\t<section class=\"widget-container aux-widget-text aux-parent-au622325b7\">        <div class=\"aux-widget-advanced-text aux-wrap-style-simple aux-ico-pos-top aux-text-center aux-text-resp- aux-text-color-dark aux-text-widget-bg-center\" >\n        \n                            <div class=\"aux-text-widget-header\"  >\n                        <div class=\"aux-ico-box aux-ico-large aux-ico-shape-circle aux-ico-clear\">\n                                                                <span class=\"aux-ico auxicon-iphone-streamline\" > <\/span>\n                                                            <\/div>\n                <\/div>\n            \n            <div class=\"aux-text-inner aux-text-widget-content\">\n                                <h4 class=\"col-title\">Soldadura Especializada<\/h4>\n                                <div class=\"widget-content\">\n                                        Reparaci\u00f3n y fabricaci\u00f3n de piezas met\u00e1licas con soldadura profesional.\n\n                <\/div>\n                            <\/div>\n        <\/div>\n                    <div class=\"aux-text-widget-footer\">\n                <div class=\"aux-border-shape-none\">\n                                <\/div>\n            <\/div>\n        \n<\/section><!-- widget-container -->\t\t\t\t<\/div>\n\t\t\t\t<\/div>\n\t\t\t\t<\/div>\n\t\t\t\t<\/div>\n\t\t\t\t\t<\/div>\n\t\t\t\t<\/div>\n\t\t\t\t<\/div>\n\t\t<div class=\"aux-parallax-section elementor-element elementor-element-2e28e8b e-flex e-con-boxed e-con e-parent\" data-id=\"2e28e8b\" data-element_type=\"container\" data-settings=\"{&quot;background_background&quot;:&quot;classic&quot;}\">\n\t\t\t\t\t<div class=\"e-con-inner\">\n\t\t<div class=\"elementor-element elementor-element-75209a3 e-con-full e-flex e-con e-child\" data-id=\"75209a3\" data-element_type=\"container\">\n\t\t\t\t<div class=\"elementor-element elementor-element-64d3007 aux-appear-watch-animation aux-fade-in-up elementor-widget elementor-widget-aux_modern_heading\" data-id=\"64d3007\" data-element_type=\"widget\" data-widget_type=\"aux_modern_heading.default\">\n\t\t\t\t<div class=\"elementor-widget-container\">\n\t\t\t\t\t<section class=\"aux-widget-modern-heading\">\n            <div class=\"aux-widget-inner\"><h1 class=\"aux-modern-heading-primary\">Sobre nosotros<\/h1><h3 class=\"aux-modern-heading-secondary\"><span class=\"aux-head-highlight\">Soluciones para la industria y particulares<\/span><\/h3><div class=\"aux-modern-heading-divider\"><\/div><div class=\"aux-modern-heading-description\"><p data-pm-slice=\"1 1 []\">Bienvenido a la web de MIGUEL ANGEL HERRANZ RODRIGUEZ, especialista en cerrajer\u00eda y estructuras met\u00e1licas. Con a\u00f1os de experiencia en el sector, ofrecemos soluciones seguras, funcionales y duraderas para hogares, negocios e industrias. Trabajamos con materiales de alta calidad y t\u00e9cnicas innovadoras para garantizar la seguridad y est\u00e9tica en cada proyecto.<\/p><\/div><\/div>\n        <\/section>\t\t\t\t<\/div>\n\t\t\t\t<\/div>\n\t\t\t\t<div class=\"elementor-element elementor-element-cf2373b aux-appear-watch-animation aux-fade-in-up elementor-widget elementor-widget-aux_button\" data-id=\"cf2373b\" data-element_type=\"widget\" data-widget_type=\"aux_button.default\">\n\t\t\t\t<div class=\"elementor-widget-container\">\n\t\t\t\t\t<a  href=\"https:\/\/ojfmecanica.com\/about-us\/\" target=\"_self\"   class=\"aux-button aux-large aux-curios-blue aux-none aux-uppercase aux-icon-right\" ><span class=\"aux-overlay\"><\/span><span class=\"aux-text\">M\u00e1s informaci\u00f3n<\/span><\/a>\t\t\t\t<\/div>\n\t\t\t\t<\/div>\n\t\t\t\t<\/div>\n\t\t<div class=\"elementor-element elementor-element-9350b47 e-con-full e-flex e-con e-child\" data-id=\"9350b47\" data-element_type=\"container\">\n\t\t\t\t<div class=\"elementor-element elementor-element-7a2ef84 aux-appear-watch-animation aux-mask-from-left elementor-widget elementor-widget-aux_image\" data-id=\"7a2ef84\" data-element_type=\"widget\" data-widget_type=\"aux_image.default\">\n\t\t\t\t<div class=\"elementor-widget-container\">\n\t\t\t\t\t<section class=\"widget-container aux-widget-image aux-alignnone aux-parent-au0d3d3946\">\n    <div class=\"aux-media-hint-frame\">\n        <div class=\"aux-media-image\" >\n        \n            \n\n            \n            <img decoding=\"async\" src=\"https:\/\/mahrmecanica.com\/wp-content\/uploads\/2025\/03\/Diseno-sin-titulo-5-1-780x650.jpg\" alt=\"Disen\u0303o sin ti\u0301tulo (5)\" \/>            \n                <\/div>\n    <\/div>\n\n<\/section><!-- widget-container -->\t\t\t\t<\/div>\n\t\t\t\t<\/div>\n\t\t\t\t<\/div>\n\t\t\t\t\t<\/div>\n\t\t\t\t<\/div>\n\t\t\t\t<\/div>","protected":false},"excerpt":{"rendered":"<p>MIGUEL ANGEL HERRANZ RODRIGUEZ Especialista en cerrajer\u00eda y estructuras met\u00e1licas MAHR Descubre nuestros servicios Fabricaci\u00f3n e Instalaci\u00f3n de Puertas Met\u00e1licas Puertas de seguridad, cortafuegos, enrollables y automatizadas. Rejas y Barandillas Dise\u00f1o y montaje de rejas para ventanas, puertas y balcones, as\u00ed como barandillas decorativas y de seguridad. Estructuras Met\u00e1licas Construcci\u00f3n de estructuras para naves industriales, [&hellip;]<\/p>","protected":false},"author":1,"featured_media":0,"parent":0,"menu_order":0,"comment_status":"closed","ping_status":"closed","template":"","meta":{"footnotes":""},"class_list":["post-107","page","type-page","status-publish","hentry"],"_links":{"self":[{"href":"https:\/\/mahrmecanica.com\/ca\/wp-json\/wp\/v2\/pages\/107","targetHints":{"allow":["GET"]}}],"collection":[{"href":"https:\/\/mahrmecanica.com\/ca\/wp-json\/wp\/v2\/pages"}],"about":[{"href":"https:\/\/mahrmecanica.com\/ca\/wp-json\/wp\/v2\/types\/page"}],"author":[{"embeddable":true,"href":"https:\/\/mahrmecanica.com\/ca\/wp-json\/wp\/v2\/users\/1"}],"replies":[{"embeddable":true,"href":"https:\/\/mahrmecanica.com\/ca\/wp-json\/wp\/v2\/comments?post=107"}],"version-history":[{"count":6,"href":"https:\/\/mahrmecanica.com\/ca\/wp-json\/wp\/v2\/pages\/107\/revisions"}],"predecessor-version":[{"id":184,"href":"https:\/\/mahrmecanica.com\/ca\/wp-json\/wp\/v2\/pages\/107\/revisions\/184"}],"wp:attachment":[{"href":"https:\/\/mahrmecanica.com\/ca\/wp-json\/wp\/v2\/media?parent=107"}],"curies":[{"name":"wp","href":"https:\/\/api.w.org\/{rel}","templated":true}]}}