{"id":101,"date":"2018-06-20T08:02:57","date_gmt":"2018-06-20T06:02:57","guid":{"rendered":"https:\/\/ojfmecanica.com\/about-us\/"},"modified":"2025-03-24T10:16:07","modified_gmt":"2025-03-24T09:16:07","slug":"about-us","status":"publish","type":"page","link":"https:\/\/mahrmecanica.com\/ca\/about-us\/","title":{"rendered":"Sobre nosotros"},"content":{"rendered":"<div data-elementor-type=\"wp-post\" data-elementor-id=\"101\" class=\"elementor elementor-101\">\n\t\t\t\t<div class=\"aux-parallax-section elementor-element elementor-element-da79498 e-flex e-con-boxed e-con e-parent\" data-id=\"da79498\" data-element_type=\"container\">\n\t\t\t\t\t<div class=\"e-con-inner\">\n\t\t<div class=\"elementor-element elementor-element-f4a5d0f e-con-full e-flex e-con e-child\" data-id=\"f4a5d0f\" data-element_type=\"container\">\n\t\t\t\t<div class=\"elementor-element elementor-element-1ec2e86 aux-appear-watch-animation aux-fade-in-up elementor-widget elementor-widget-aux_modern_heading\" data-id=\"1ec2e86\" data-element_type=\"widget\" data-widget_type=\"aux_modern_heading.default\">\n\t\t\t\t<div class=\"elementor-widget-container\">\n\t\t\t\t\t<section class=\"aux-widget-modern-heading\">\n            <div class=\"aux-widget-inner\"><h1 class=\"aux-modern-heading-primary\">\u00bfQui\u00e9nes somos?<\/h1><h3 class=\"aux-modern-heading-secondary\"><span class=\"aux-head-highlight\">MAHR<\/span><\/h3><div class=\"aux-modern-heading-divider\"><\/div><div class=\"aux-modern-heading-description\"><p data-pm-slice=\"1 1 []\">MIGUEL ANGEL HERRANZ RODRIGUEZ es un profesional con amplia trayectoria en el mundo de la cerrajer\u00eda y las estructuras met\u00e1licas. Nuestra misi\u00f3n es brindar soluciones a medida, combinando seguridad, dise\u00f1o y resistencia en cada trabajo.<\/p><p>Nos caracterizamos por nuestro compromiso con la calidad, la atenci\u00f3n personalizada y el cumplimiento en tiempos de entrega. Cada proyecto es \u00fanico, por eso nos enfocamos en entender tus necesidades para ofrecerte la mejor soluci\u00f3n con acabados impecables.<\/p><\/div><\/div>\n        <\/section>\t\t\t\t<\/div>\n\t\t\t\t<\/div>\n\t\t\t\t<\/div>\n\t\t<div class=\"elementor-element elementor-element-e351261 e-con-full e-flex e-con e-child\" data-id=\"e351261\" data-element_type=\"container\">\n\t\t\t\t<div class=\"elementor-element elementor-element-4e69796 aux-appear-watch-animation aux-mask-from-left elementor-widget elementor-widget-aux_image\" data-id=\"4e69796\" data-element_type=\"widget\" data-widget_type=\"aux_image.default\">\n\t\t\t\t<div class=\"elementor-widget-container\">\n\t\t\t\t\t<section class=\"widget-container aux-widget-image aux-alignnone aux-parent-au18872aa7\">\n    <div class=\"aux-media-hint-frame\">\n        <div class=\"aux-media-image\" >\n        \n            \n\n            \n            <img decoding=\"async\" src=\"https:\/\/mahrmecanica.com\/wp-content\/uploads\/2025\/03\/Diseno-sin-titulo-5-2.jpg\" alt=\"Disen\u0303o sin ti\u0301tulo (5)\" \/>            \n                <\/div>\n    <\/div>\n\n<\/section><!-- widget-container -->\t\t\t\t<\/div>\n\t\t\t\t<\/div>\n\t\t\t\t<\/div>\n\t\t\t\t\t<\/div>\n\t\t\t\t<\/div>\n\t\t<div class=\"aux-parallax-section elementor-element elementor-element-a3c0486 e-flex e-con-boxed e-con e-parent\" data-id=\"a3c0486\" data-element_type=\"container\">\n\t\t\t\t\t<div class=\"e-con-inner\">\n\t\t<div class=\"elementor-element elementor-element-a8e728b e-con-full e-flex e-con e-child\" data-id=\"a8e728b\" data-element_type=\"container\">\n\t\t\t\t<div class=\"elementor-element elementor-element-3c98566 aux-appear-watch-animation aux-mask-from-top elementor-widget elementor-widget-aux_image\" data-id=\"3c98566\" data-element_type=\"widget\" data-widget_type=\"aux_image.default\">\n\t\t\t\t<div class=\"elementor-widget-container\">\n\t\t\t\t\t<section class=\"widget-container aux-widget-image aux-alignnone aux-parent-aua72bb60c\">\n    <div class=\"aux-media-hint-frame\">\n        <div class=\"aux-media-image\" >\n        \n            \n\n            \n            <img decoding=\"async\" src=\"https:\/\/mahrmecanica.com\/wp-content\/uploads\/2025\/03\/Diseno-sin-titulo-5-1.jpg\" alt=\"Disen\u0303o sin ti\u0301tulo (5)\" \/>            \n                <\/div>\n    <\/div>\n\n<\/section><!-- widget-container -->\t\t\t\t<\/div>\n\t\t\t\t<\/div>\n\t\t\t\t<\/div>\n\t\t<div class=\"elementor-element elementor-element-9f8d061 e-con-full e-flex e-con e-child\" data-id=\"9f8d061\" data-element_type=\"container\" data-settings=\"{&quot;background_background&quot;:&quot;classic&quot;}\">\n\t\t\t\t<div class=\"elementor-element elementor-element-6f1d559 aux-appear-watch-animation aux-fade-in-up elementor-widget elementor-widget-aux_modern_heading\" data-id=\"6f1d559\" data-element_type=\"widget\" data-widget_type=\"aux_modern_heading.default\">\n\t\t\t\t<div class=\"elementor-widget-container\">\n\t\t\t\t\t<section class=\"aux-widget-modern-heading\">\n            <div class=\"aux-widget-inner\"><h2 class=\"aux-modern-heading-primary\">Nuestros\n\n<\/h2><h3 class=\"aux-modern-heading-secondary\"><span class=\"aux-head-before\">Servicios<\/span><\/h3><div class=\"aux-modern-heading-divider\"><\/div><\/div>\n        <\/section>\t\t\t\t<\/div>\n\t\t\t\t<\/div>\n\t\t\t\t<div class=\"elementor-element elementor-element-999490d elementor-widget__width-initial aux-appear-watch-animation aux-fade-in-up-1 elementor-widget elementor-widget-aux_text\" data-id=\"999490d\" data-element_type=\"widget\" data-widget_type=\"aux_text.default\">\n\t\t\t\t<div class=\"elementor-widget-container\">\n\t\t\t\t\t<section class=\"widget-container aux-widget-text aux-parent-au21a5e0c3\">        <div class=\"aux-widget-advanced-text aux-wrap-style-simple aux-ico-pos-left aux-text-left aux-text-resp- aux-text-color-dark aux-text-widget-bg-center  aux-text-padding-fix\" >\n        \n                            <div class=\"aux-text-widget-header\"  >\n                        <div class=\"aux-ico-box aux-ico-large aux-ico-shape-circle aux-ico-clear\">\n                                                                <span class=\"aux-ico auxicon-design-pencil-rule-streamline\" > <\/span>\n                                                            <\/div>\n                <\/div>\n            \n            <div class=\"aux-text-inner aux-text-widget-content\">\n                                <div class=\"widget-content\">\n                                        <ul data-spread=\"false\" data-pm-slice=\"3 3 []\"><li><p><strong>Fabricaci\u00f3n e Instalaci\u00f3n de Puertas Met\u00e1licas<\/strong>: Puertas de seguridad, cortafuegos, enrollables y automatizadas.<\/p><\/li><li><p><strong>Rejas y Barandillas<\/strong>: Dise\u00f1o y montaje de rejas para ventanas, puertas y balcones, as\u00ed como barandillas decorativas y de seguridad.<\/p><\/li><li><p><strong>Estructuras Met\u00e1licas<\/strong>: Construcci\u00f3n de estructuras para naves industriales, p\u00e9rgolas, escaleras met\u00e1licas y marquesinas.<\/p><\/li><li><p><strong>Soldadura Especializada<\/strong>: Reparaci\u00f3n y fabricaci\u00f3n de piezas met\u00e1licas con soldadura profesional.<\/p><\/li><li><p><strong>Mantenimiento y Reparaci\u00f3n<\/strong>: Servicio de mantenimiento para prolongar la vida \u00fatil de estructuras y cerraduras.<\/p><\/li><\/ul>                <\/div>\n                            <\/div>\n        <\/div>\n                    <div class=\"aux-text-widget-footer\">\n                <div class=\"aux-border-shape-none\">\n                                <\/div>\n            <\/div>\n        \n<\/section><!-- widget-container -->\t\t\t\t<\/div>\n\t\t\t\t<\/div>\n\t\t\t\t<\/div>\n\t\t\t\t\t<\/div>\n\t\t\t\t<\/div>\n\t\t<div class=\"aux-parallax-section elementor-element elementor-element-6effacc aux-appear-watch-animation aux-fade-in-up e-con-full e-flex e-con e-parent\" data-id=\"6effacc\" data-element_type=\"container\" data-settings=\"{&quot;background_background&quot;:&quot;gradient&quot;}\">\n\t\t<div class=\"elementor-element elementor-element-c659cab e-flex e-con-boxed e-con e-child\" data-id=\"c659cab\" data-element_type=\"container\">\n\t\t\t\t\t<div class=\"e-con-inner\">\n\t\t\t\t<div class=\"elementor-element elementor-element-4dbedbc elementor-widget elementor-widget-aux_modern_heading\" data-id=\"4dbedbc\" data-element_type=\"widget\" data-widget_type=\"aux_modern_heading.default\">\n\t\t\t\t<div class=\"elementor-widget-container\">\n\t\t\t\t\t<section class=\"aux-widget-modern-heading\">\n            <div class=\"aux-widget-inner\"><h2 class=\"aux-modern-heading-primary\">\u00bfQuieres conocernos?<\/h2><div class=\"aux-modern-heading-description\"><p data-pm-slice=\"1 1 []\">\u00bfNecesitas un cerrajero experto o una estructura met\u00e1lica a medida? Estamos listos para ayudarte.<\/p><\/div><\/div>\n        <\/section>\t\t\t\t<\/div>\n\t\t\t\t<\/div>\n\t\t\t\t\t<\/div>\n\t\t\t\t<\/div>\n\t\t\t\t<\/div>\n\t\t\t\t<\/div>","protected":false},"excerpt":{"rendered":"<p>\u00bfQui\u00e9nes somos? MAHR MIGUEL ANGEL HERRANZ RODRIGUEZ es un profesional con amplia trayectoria en el mundo de la cerrajer\u00eda y las estructuras met\u00e1licas. Nuestra misi\u00f3n es brindar soluciones a medida, combinando seguridad, dise\u00f1o y resistencia en cada trabajo. Nos caracterizamos por nuestro compromiso con la calidad, la atenci\u00f3n personalizada y el cumplimiento en tiempos de [&hellip;]<\/p>","protected":false},"author":1,"featured_media":0,"parent":0,"menu_order":0,"comment_status":"closed","ping_status":"closed","template":"","meta":{"footnotes":""},"class_list":["post-101","page","type-page","status-publish","hentry"],"_links":{"self":[{"href":"https:\/\/mahrmecanica.com\/ca\/wp-json\/wp\/v2\/pages\/101","targetHints":{"allow":["GET"]}}],"collection":[{"href":"https:\/\/mahrmecanica.com\/ca\/wp-json\/wp\/v2\/pages"}],"about":[{"href":"https:\/\/mahrmecanica.com\/ca\/wp-json\/wp\/v2\/types\/page"}],"author":[{"embeddable":true,"href":"https:\/\/mahrmecanica.com\/ca\/wp-json\/wp\/v2\/users\/1"}],"replies":[{"embeddable":true,"href":"https:\/\/mahrmecanica.com\/ca\/wp-json\/wp\/v2\/comments?post=101"}],"version-history":[{"count":7,"href":"https:\/\/mahrmecanica.com\/ca\/wp-json\/wp\/v2\/pages\/101\/revisions"}],"predecessor-version":[{"id":187,"href":"https:\/\/mahrmecanica.com\/ca\/wp-json\/wp\/v2\/pages\/101\/revisions\/187"}],"wp:attachment":[{"href":"https:\/\/mahrmecanica.com\/ca\/wp-json\/wp\/v2\/media?parent=101"}],"curies":[{"name":"wp","href":"https:\/\/api.w.org\/{rel}","templated":true}]}}